{"id":990,"date":"2018-11-28T21:26:35","date_gmt":"2018-11-28T20:26:35","guid":{"rendered":"http:\/\/pc-beggingen.ch\/?page_id=990"},"modified":"2018-11-28T21:32:15","modified_gmt":"2018-11-28T20:32:15","slug":"absenden-2018","status":"publish","type":"page","link":"https:\/\/pc-beggingen.ch\/index.php\/absenden-2018\/","title":{"rendered":"Absenden 2018"},"content":{"rendered":"<p><strong>Gem\u00fctlicher Fond\u00fc-Plausch inklusive gl\u00fccklichen Pokalgewinnern!<\/strong><\/p>\n<div id='gallery-1' class='gallery galleryid-990 gallery-columns-3 gallery-size-thumbnail'><figure class='gallery-item'>\n\t\t\t<div class='gallery-icon portrait'>\n\t\t\t\t<a href='https:\/\/pc-beggingen.ch\/index.php\/absenden-2018\/bjgu6156\/'><img width=\"150\" height=\"150\" src=\"https:\/\/pc-beggingen.ch\/wp-content\/uploads\/2018\/11\/BJGU6156-150x150.jpg\" class=\"attachment-thumbnail size-thumbnail\" alt=\"\" loading=\"lazy\" \/><\/a>\n\t\t\t<\/div><\/figure><figure class='gallery-item'>\n\t\t\t<div class='gallery-icon portrait'>\n\t\t\t\t<a href='https:\/\/pc-beggingen.ch\/index.php\/absenden-2018\/skgs8093\/'><img width=\"150\" height=\"150\" src=\"https:\/\/pc-beggingen.ch\/wp-content\/uploads\/2018\/11\/SKGS8093-150x150.jpg\" class=\"attachment-thumbnail size-thumbnail\" alt=\"\" loading=\"lazy\" \/><\/a>\n\t\t\t<\/div><\/figure><figure class='gallery-item'>\n\t\t\t<div class='gallery-icon portrait'>\n\t\t\t\t<a href='https:\/\/pc-beggingen.ch\/index.php\/absenden-2018\/ugwk8724\/'><img width=\"150\" height=\"150\" src=\"https:\/\/pc-beggingen.ch\/wp-content\/uploads\/2018\/11\/UGWK8724-150x150.jpg\" class=\"attachment-thumbnail size-thumbnail\" alt=\"\" loading=\"lazy\" \/><\/a>\n\t\t\t<\/div><\/figure><figure class='gallery-item'>\n\t\t\t<div class='gallery-icon portrait'>\n\t\t\t\t<a href='https:\/\/pc-beggingen.ch\/index.php\/absenden-2018\/htrh4817\/'><img width=\"150\" height=\"150\" src=\"https:\/\/pc-beggingen.ch\/wp-content\/uploads\/2018\/11\/HTRH4817-150x150.jpg\" class=\"attachment-thumbnail size-thumbnail\" alt=\"\" loading=\"lazy\" \/><\/a>\n\t\t\t<\/div><\/figure><figure class='gallery-item'>\n\t\t\t<div class='gallery-icon portrait'>\n\t\t\t\t<a href='https:\/\/pc-beggingen.ch\/index.php\/absenden-2018\/jbqw9853\/'><img width=\"150\" height=\"150\" src=\"https:\/\/pc-beggingen.ch\/wp-content\/uploads\/2018\/11\/JBQW9853-150x150.jpg\" class=\"attachment-thumbnail size-thumbnail\" alt=\"\" loading=\"lazy\" \/><\/a>\n\t\t\t<\/div><\/figure><figure class='gallery-item'>\n\t\t\t<div class='gallery-icon portrait'>\n\t\t\t\t<a href='https:\/\/pc-beggingen.ch\/index.php\/absenden-2018\/nxfl5176\/'><img width=\"150\" height=\"150\" src=\"https:\/\/pc-beggingen.ch\/wp-content\/uploads\/2018\/11\/NXFL5176-150x150.jpg\" class=\"attachment-thumbnail size-thumbnail\" alt=\"\" loading=\"lazy\" \/><\/a>\n\t\t\t<\/div><\/figure><figure class='gallery-item'>\n\t\t\t<div class='gallery-icon portrait'>\n\t\t\t\t<a href='https:\/\/pc-beggingen.ch\/index.php\/absenden-2018\/tmya3009\/'><img width=\"150\" height=\"150\" src=\"https:\/\/pc-beggingen.ch\/wp-content\/uploads\/2018\/11\/TMYA3009-150x150.jpg\" class=\"attachment-thumbnail size-thumbnail\" alt=\"\" loading=\"lazy\" \/><\/a>\n\t\t\t<\/div><\/figure><figure class='gallery-item'>\n\t\t\t<div class='gallery-icon portrait'>\n\t\t\t\t<a href='https:\/\/pc-beggingen.ch\/index.php\/absenden-2018\/vdye2739\/'><img width=\"150\" height=\"150\" src=\"https:\/\/pc-beggingen.ch\/wp-content\/uploads\/2018\/11\/VDYE2739-150x150.jpg\" class=\"attachment-thumbnail size-thumbnail\" alt=\"\" loading=\"lazy\" \/><\/a>\n\t\t\t<\/div><\/figure><figure class='gallery-item'>\n\t\t\t<div class='gallery-icon portrait'>\n\t\t\t\t<a href='https:\/\/pc-beggingen.ch\/index.php\/absenden-2018\/ahbi1570\/'><img width=\"150\" height=\"150\" src=\"https:\/\/pc-beggingen.ch\/wp-content\/uploads\/2018\/11\/AHBI1570-e1584920330707-150x150.jpg\" class=\"attachment-thumbnail size-thumbnail\" alt=\"\" loading=\"lazy\" \/><\/a>\n\t\t\t<\/div><\/figure><figure class='gallery-item'>\n\t\t\t<div class='gallery-icon portrait'>\n\t\t\t\t<a href='https:\/\/pc-beggingen.ch\/index.php\/absenden-2018\/bwoe3850\/'><img width=\"150\" height=\"150\" src=\"https:\/\/pc-beggingen.ch\/wp-content\/uploads\/2018\/11\/BWOE3850-150x150.jpg\" class=\"attachment-thumbnail size-thumbnail\" alt=\"\" loading=\"lazy\" \/><\/a>\n\t\t\t<\/div><\/figure><figure class='gallery-item'>\n\t\t\t<div class='gallery-icon portrait'>\n\t\t\t\t<a href='https:\/\/pc-beggingen.ch\/index.php\/absenden-2018\/kgsr5738\/'><img width=\"150\" height=\"150\" src=\"https:\/\/pc-beggingen.ch\/wp-content\/uploads\/2018\/11\/KGSR5738-150x150.jpg\" class=\"attachment-thumbnail size-thumbnail\" alt=\"\" loading=\"lazy\" \/><\/a>\n\t\t\t<\/div><\/figure><figure class='gallery-item'>\n\t\t\t<div class='gallery-icon portrait'>\n\t\t\t\t<a href='https:\/\/pc-beggingen.ch\/index.php\/absenden-2018\/buag1246\/'><img width=\"150\" height=\"150\" src=\"https:\/\/pc-beggingen.ch\/wp-content\/uploads\/2018\/11\/BUAG1246-150x150.jpg\" class=\"attachment-thumbnail size-thumbnail\" alt=\"\" loading=\"lazy\" \/><\/a>\n\t\t\t<\/div><\/figure><figure class='gallery-item'>\n\t\t\t<div class='gallery-icon portrait'>\n\t\t\t\t<a href='https:\/\/pc-beggingen.ch\/index.php\/absenden-2018\/cael5111\/'><img width=\"150\" height=\"150\" src=\"https:\/\/pc-beggingen.ch\/wp-content\/uploads\/2018\/11\/CAEL5111-150x150.jpg\" class=\"attachment-thumbnail size-thumbnail\" alt=\"\" loading=\"lazy\" \/><\/a>\n\t\t\t<\/div><\/figure><figure class='gallery-item'>\n\t\t\t<div class='gallery-icon landscape'>\n\t\t\t\t<a href='https:\/\/pc-beggingen.ch\/index.php\/absenden-2018\/jjyr5923\/'><img width=\"150\" height=\"150\" src=\"https:\/\/pc-beggingen.ch\/wp-content\/uploads\/2018\/11\/JJYR5923-150x150.jpg\" class=\"attachment-thumbnail size-thumbnail\" alt=\"\" loading=\"lazy\" \/><\/a>\n\t\t\t<\/div><\/figure><figure class='gallery-item'>\n\t\t\t<div class='gallery-icon portrait'>\n\t\t\t\t<a href='https:\/\/pc-beggingen.ch\/index.php\/absenden-2018\/lsyp0793\/'><img width=\"150\" height=\"150\" src=\"https:\/\/pc-beggingen.ch\/wp-content\/uploads\/2018\/11\/LSYP0793-150x150.jpg\" class=\"attachment-thumbnail size-thumbnail\" alt=\"\" loading=\"lazy\" \/><\/a>\n\t\t\t<\/div><\/figure><figure class='gallery-item'>\n\t\t\t<div class='gallery-icon portrait'>\n\t\t\t\t<a href='https:\/\/pc-beggingen.ch\/index.php\/absenden-2018\/lwuu5510\/'><img width=\"150\" height=\"150\" src=\"https:\/\/pc-beggingen.ch\/wp-content\/uploads\/2018\/11\/LWUU5510-150x150.jpg\" class=\"attachment-thumbnail size-thumbnail\" alt=\"\" loading=\"lazy\" \/><\/a>\n\t\t\t<\/div><\/figure><figure class='gallery-item'>\n\t\t\t<div class='gallery-icon portrait'>\n\t\t\t\t<a href='https:\/\/pc-beggingen.ch\/index.php\/absenden-2018\/oeoc8674\/'><img width=\"150\" height=\"150\" src=\"https:\/\/pc-beggingen.ch\/wp-content\/uploads\/2018\/11\/OEOC8674-150x150.jpg\" class=\"attachment-thumbnail size-thumbnail\" alt=\"\" loading=\"lazy\" \/><\/a>\n\t\t\t<\/div><\/figure>\n\t\t<\/div>\n\n<p>&nbsp;<\/p>\n<p>&nbsp;<\/p>\n","protected":false},"excerpt":{"rendered":"<p>Gem\u00fctlicher Fond\u00fc-Plausch inklusive gl\u00fccklichen Pokalgewinnern! &nbsp; &nbsp;<\/p>\n","protected":false},"author":5,"featured_media":0,"parent":0,"menu_order":0,"comment_status":"closed","ping_status":"closed","template":"","meta":[],"_links":{"self":[{"href":"https:\/\/pc-beggingen.ch\/index.php\/wp-json\/wp\/v2\/pages\/990"}],"collection":[{"href":"https:\/\/pc-beggingen.ch\/index.php\/wp-json\/wp\/v2\/pages"}],"about":[{"href":"https:\/\/pc-beggingen.ch\/index.php\/wp-json\/wp\/v2\/types\/page"}],"author":[{"embeddable":true,"href":"https:\/\/pc-beggingen.ch\/index.php\/wp-json\/wp\/v2\/users\/5"}],"replies":[{"embeddable":true,"href":"https:\/\/pc-beggingen.ch\/index.php\/wp-json\/wp\/v2\/comments?post=990"}],"version-history":[{"count":3,"href":"https:\/\/pc-beggingen.ch\/index.php\/wp-json\/wp\/v2\/pages\/990\/revisions"}],"predecessor-version":[{"id":1011,"href":"https:\/\/pc-beggingen.ch\/index.php\/wp-json\/wp\/v2\/pages\/990\/revisions\/1011"}],"wp:attachment":[{"href":"https:\/\/pc-beggingen.ch\/index.php\/wp-json\/wp\/v2\/media?parent=990"}],"curies":[{"name":"wp","href":"https:\/\/api.w.org\/{rel}","templated":true}]}}