{"id":44,"date":"2015-10-08T10:12:43","date_gmt":"2015-10-08T08:12:43","guid":{"rendered":"http:\/\/sdfg.ch\/pc-beggingen\/?page_id=44"},"modified":"2022-06-25T22:30:53","modified_gmt":"2022-06-25T20:30:53","slug":"raeumlichkeiten","status":"publish","type":"page","link":"https:\/\/pc-beggingen.ch\/index.php\/schuetzenstube\/raeumlichkeiten\/","title":{"rendered":"Sch\u00fctzenstube"},"content":{"rendered":"<p><strong>Heimeliges Ambiente f\u00fcr einen Austausch in geselliger Runde!<\/strong><\/p>\n<p>Die R\u00e4umlichkeiten unserer Sch\u00fctzenstube k\u00f6nnen gemietet werden:<\/p>\n<p><strong>Preis f\u00fcr Nichtmitglieder: 250 CHF \/ Anlass\/Tag<\/strong><\/p>\n<p><strong>Preis f\u00fcr Mitglieder: 150 CHF \/ Anlass\/Tag<\/strong><\/p>\n<p>F\u00fcr detaillierte Ausk\u00fcnfte wenden Sie sich bitte an Louis Wanner unter der Nummer: 079 487 69 24<\/p>\n<p><a href=\"http:\/\/pc-beggingen.ch\/wp-content\/uploads\/2013\/02\/PICT0008.jpg\"><img loading=\"lazy\" class=\"alignnone size-medium wp-image-133\" src=\"http:\/\/pc-beggingen.ch\/wp-content\/uploads\/2013\/02\/PICT0008-300x225.jpg\" alt=\"KONICA MINOLTA DIGITAL CAMERA\" width=\"300\" height=\"225\" \/><\/a><\/p>\n<p><a href=\"http:\/\/pc-beggingen.ch\/wp-content\/uploads\/2013\/02\/PICT0010.jpg\"><img loading=\"lazy\" class=\"alignnone size-medium wp-image-134\" src=\"http:\/\/pc-beggingen.ch\/wp-content\/uploads\/2013\/02\/PICT0010-300x225.jpg\" alt=\"KONICA MINOLTA DIGITAL CAMERA\" width=\"300\" height=\"225\" \/><\/a><\/p>\n<p><a href=\"http:\/\/pc-beggingen.ch\/wp-content\/uploads\/2013\/02\/PICT0011.jpg\"><img loading=\"lazy\" class=\"alignnone size-medium wp-image-135\" src=\"http:\/\/pc-beggingen.ch\/wp-content\/uploads\/2013\/02\/PICT0011-300x225.jpg\" alt=\"KONICA MINOLTA DIGITAL CAMERA\" width=\"300\" height=\"225\" \/><\/a><\/p>\n<p><a href=\"http:\/\/pc-beggingen.ch\/wp-content\/uploads\/2013\/02\/PICT0073.jpg\"><img loading=\"lazy\" class=\"alignnone size-medium wp-image-138\" src=\"http:\/\/pc-beggingen.ch\/wp-content\/uploads\/2013\/02\/PICT0073-300x225.jpg\" alt=\"KONICA MINOLTA DIGITAL CAMERA\" width=\"300\" height=\"225\" \/><\/a><\/p>\n<p><a href=\"http:\/\/pc-beggingen.ch\/wp-content\/uploads\/2013\/02\/PICT0076.jpg\"><img loading=\"lazy\" class=\"alignnone size-medium wp-image-137\" src=\"http:\/\/pc-beggingen.ch\/wp-content\/uploads\/2013\/02\/PICT0076-300x225.jpg\" alt=\"KONICA MINOLTA DIGITAL CAMERA\" width=\"300\" height=\"225\" \/><\/a><\/p>\n","protected":false},"excerpt":{"rendered":"<p>Heimeliges Ambiente f\u00fcr einen Austausch in geselliger Runde! Die R\u00e4umlichkeiten unserer Sch\u00fctzenstube k\u00f6nnen gemietet werden: Preis f\u00fcr Nichtmitglieder: 250 CHF \/ Anlass\/Tag Preis f\u00fcr Mitglieder: 150 CHF \/ Anlass\/Tag F\u00fcr detaillierte Ausk\u00fcnfte wenden Sie sich bitte an Louis Wanner unter der Nummer: 079 487 69 24<\/p>\n","protected":false},"author":5,"featured_media":0,"parent":40,"menu_order":0,"comment_status":"closed","ping_status":"closed","template":"","meta":[],"_links":{"self":[{"href":"https:\/\/pc-beggingen.ch\/index.php\/wp-json\/wp\/v2\/pages\/44"}],"collection":[{"href":"https:\/\/pc-beggingen.ch\/index.php\/wp-json\/wp\/v2\/pages"}],"about":[{"href":"https:\/\/pc-beggingen.ch\/index.php\/wp-json\/wp\/v2\/types\/page"}],"author":[{"embeddable":true,"href":"https:\/\/pc-beggingen.ch\/index.php\/wp-json\/wp\/v2\/users\/5"}],"replies":[{"embeddable":true,"href":"https:\/\/pc-beggingen.ch\/index.php\/wp-json\/wp\/v2\/comments?post=44"}],"version-history":[{"count":12,"href":"https:\/\/pc-beggingen.ch\/index.php\/wp-json\/wp\/v2\/pages\/44\/revisions"}],"predecessor-version":[{"id":1249,"href":"https:\/\/pc-beggingen.ch\/index.php\/wp-json\/wp\/v2\/pages\/44\/revisions\/1249"}],"up":[{"embeddable":true,"href":"https:\/\/pc-beggingen.ch\/index.php\/wp-json\/wp\/v2\/pages\/40"}],"wp:attachment":[{"href":"https:\/\/pc-beggingen.ch\/index.php\/wp-json\/wp\/v2\/media?parent=44"}],"curies":[{"name":"wp","href":"https:\/\/api.w.org\/{rel}","templated":true}]}}