{"id":36,"date":"2015-10-08T10:10:27","date_gmt":"2015-10-08T08:10:27","guid":{"rendered":"http:\/\/sdfg.ch\/pc-beggingen\/?page_id=36"},"modified":"2025-09-21T18:30:52","modified_gmt":"2025-09-21T16:30:52","slug":"kontakt","status":"publish","type":"page","link":"https:\/\/pc-beggingen.ch\/index.php\/kontakt\/","title":{"rendered":"Kontakt"},"content":{"rendered":"<hr \/>\n<p style=\"text-align: center;\"><b>Pr\u00e4sident<\/b><\/p>\n<p style=\"text-align: center;\">Roger Wanner<br \/>Randenstrasse 5<br \/>8228 Beggingen<br \/>Telefon 079 649 92 22<br \/><a href=\"mailto:rogerwanner@bluewin.ch\">E-mail<\/a><\/p>\n<hr \/>\n<p style=\"text-align: center;\"><a href=\"http:\/\/pc-beggingen.ch\/wp-content\/uploads\/2018\/04\/BXEQ0806.jpg\"><img loading=\"lazy\" class=\"wp-image-904 aligncenter\" src=\"http:\/\/pc-beggingen.ch\/wp-content\/uploads\/2018\/04\/BXEQ0806-300x219.jpg\" alt=\"\" width=\"220\" height=\"160\" srcset=\"https:\/\/pc-beggingen.ch\/wp-content\/uploads\/2018\/04\/BXEQ0806-300x219.jpg 300w, https:\/\/pc-beggingen.ch\/wp-content\/uploads\/2018\/04\/BXEQ0806-768x560.jpg 768w, https:\/\/pc-beggingen.ch\/wp-content\/uploads\/2018\/04\/BXEQ0806-1024x746.jpg 1024w, https:\/\/pc-beggingen.ch\/wp-content\/uploads\/2018\/04\/BXEQ0806.jpg 1596w\" sizes=\"(max-width: 220px) 100vw, 220px\" \/><\/a><strong><br \/>Vizepr\u00e4sident und 1. Sch\u00fctzenmeister<\/strong><\/p>\n<p style=\"text-align: center;\">Mike Schwarzer<br \/>Sch\u00fctzengasse 11<br \/>8224 L\u00f6hningen<br \/>Telefon 076 526 11 06<br \/><a href=\"mailto:mikeschwarzer@sunrise.ch\">E-mail<\/a><\/p>\n<hr \/>\n<p style=\"text-align: center;\"><!-- x-tinymce\/html --><a href=\"http:\/\/pc-beggingen.ch\/wp-content\/uploads\/2018\/04\/BVZI3694.jpg\"><img loading=\"lazy\" class=\"wp-image-903 aligncenter\" src=\"http:\/\/pc-beggingen.ch\/wp-content\/uploads\/2018\/04\/BVZI3694-278x300.jpg\" alt=\"\" width=\"220\" height=\"237\" srcset=\"https:\/\/pc-beggingen.ch\/wp-content\/uploads\/2018\/04\/BVZI3694-278x300.jpg 278w, https:\/\/pc-beggingen.ch\/wp-content\/uploads\/2018\/04\/BVZI3694-768x829.jpg 768w, https:\/\/pc-beggingen.ch\/wp-content\/uploads\/2018\/04\/BVZI3694-948x1024.jpg 948w, https:\/\/pc-beggingen.ch\/wp-content\/uploads\/2018\/04\/BVZI3694.jpg 1200w\" sizes=\"(max-width: 220px) 100vw, 220px\" \/><\/a><br \/><strong>Aktuar und Sch\u00fctzenmeister<\/strong><\/p>\n<p style=\"text-align: center;\">Roland Gamper<br \/>Wiesental 10<br \/>8228 Beggingen<br \/>Telefon 052 624 00 30<br \/><a href=\"mailto:roangar@bluewin.ch\">E-mail<\/a><\/p>\n<address><hr \/><\/address>\n<p style=\"text-align: center;\"><strong>Kassier<\/strong><\/p>\n<p style=\"text-align: center;\">Marco De Steffani<br \/>Lendenbergstrasse 54<br \/>8226 Schleitheim<br \/><a href=\"mailto:desteffani79@yahoo.com\">E-mail<\/a><\/p>\n<address><address><hr \/><\/address><\/address>\n\n\n<div class=\"wp-block-image\"><figure class=\"aligncenter is-resized\"><a href=\"http:\/\/pc-beggingen.ch\/wp-content\/uploads\/2018\/11\/AHBI1570.jpg\"><img loading=\"lazy\" src=\"http:\/\/pc-beggingen.ch\/wp-content\/uploads\/2018\/11\/AHBI1570-e1584920330707-281x300.jpg\" alt=\"\" class=\"wp-image-999\" width=\"211\" height=\"225\" srcset=\"https:\/\/pc-beggingen.ch\/wp-content\/uploads\/2018\/11\/AHBI1570-e1584920330707-281x300.jpg 281w, https:\/\/pc-beggingen.ch\/wp-content\/uploads\/2018\/11\/AHBI1570-e1584920330707-768x820.jpg 768w, https:\/\/pc-beggingen.ch\/wp-content\/uploads\/2018\/11\/AHBI1570-e1584920330707-960x1024.jpg 960w, https:\/\/pc-beggingen.ch\/wp-content\/uploads\/2018\/11\/AHBI1570-e1584920330707.jpg 1072w\" sizes=\"(max-width: 211px) 100vw, 211px\" \/><\/a><\/figure><\/div>\n\n\n\n<p class=\"has-text-align-center\"><strong>Anlagenwart, Wirt Sch\u00fctzenstube<br>und Sch\u00fctzenmeister<\/strong><\/p>\n\n\n\n<p class=\"has-text-align-center\">Louis Wanner<br>L\u00f6bere 7<br>8228 Beggingen<br>Telefon 079 487 69 24<br><a href=\"mailto:louis.w@bluewin.ch\">E-mail<\/a><\/p>\n","protected":false},"excerpt":{"rendered":"<p>Pr\u00e4sident Roger WannerRandenstrasse 58228 BeggingenTelefon 079 649 92 22E-mail Vizepr\u00e4sident und 1. Sch\u00fctzenmeister Mike SchwarzerSch\u00fctzengasse 118224 L\u00f6hningenTelefon 076 526 11 06E-mail Aktuar und Sch\u00fctzenmeister Roland GamperWiesental 108228 BeggingenTelefon 052 624 00 30E-mail Kassier Marco De SteffaniLendenbergstrasse 548226 SchleitheimE-mail Anlagenwart, Wirt Sch\u00fctzenstubeund Sch\u00fctzenmeister Louis WannerL\u00f6bere 78228 BeggingenTelefon 079 487 69 24E-mail<\/p>\n","protected":false},"author":5,"featured_media":0,"parent":0,"menu_order":0,"comment_status":"closed","ping_status":"closed","template":"","meta":[],"_links":{"self":[{"href":"https:\/\/pc-beggingen.ch\/index.php\/wp-json\/wp\/v2\/pages\/36"}],"collection":[{"href":"https:\/\/pc-beggingen.ch\/index.php\/wp-json\/wp\/v2\/pages"}],"about":[{"href":"https:\/\/pc-beggingen.ch\/index.php\/wp-json\/wp\/v2\/types\/page"}],"author":[{"embeddable":true,"href":"https:\/\/pc-beggingen.ch\/index.php\/wp-json\/wp\/v2\/users\/5"}],"replies":[{"embeddable":true,"href":"https:\/\/pc-beggingen.ch\/index.php\/wp-json\/wp\/v2\/comments?post=36"}],"version-history":[{"count":79,"href":"https:\/\/pc-beggingen.ch\/index.php\/wp-json\/wp\/v2\/pages\/36\/revisions"}],"predecessor-version":[{"id":1383,"href":"https:\/\/pc-beggingen.ch\/index.php\/wp-json\/wp\/v2\/pages\/36\/revisions\/1383"}],"wp:attachment":[{"href":"https:\/\/pc-beggingen.ch\/index.php\/wp-json\/wp\/v2\/media?parent=36"}],"curies":[{"name":"wp","href":"https:\/\/api.w.org\/{rel}","templated":true}]}}