{"id":1369,"date":"2025-09-21T17:12:05","date_gmt":"2025-09-21T15:12:05","guid":{"rendered":"https:\/\/pc-beggingen.ch\/?page_id=1369"},"modified":"2025-09-21T18:25:28","modified_gmt":"2025-09-21T16:25:28","slug":"ranglisten","status":"publish","type":"page","link":"https:\/\/pc-beggingen.ch\/index.php\/ranglisten\/","title":{"rendered":"Ranglisten"},"content":{"rendered":"\n<p><a href=\"https:\/\/pc-beggingen.ch\/wp-content\/uploads\/2025\/09\/Mueueserschuesse-Rangliste-Helvetia-Stich-2025-1.pdf\">Rangliste M\u00fc\u00fcsersch\u00fcsse Helvetia-Stich 2025<\/a><\/p>\n\n\n\n<p><a href=\"http:\/\/pc-beggingen.ch\/wp-content\/uploads\/2025\/09\/Mueueserschuesse-Rangliste-Implenia-Stich-2025-1.pdf\">Rangliste M\u00fc\u00fcsersch\u00fcsse Implenia-Stich 2025<\/a><\/p>\n\n\n\n<p><a href=\"http:\/\/pc-beggingen.ch\/wp-content\/uploads\/2025\/09\/Mueueserschuesse-Rangliste-Kranzstich-2025.pdf\">Rangliste M\u00fc\u00fcsersch\u00fcsse Kranzstich 2025<\/a><\/p>\n","protected":false},"excerpt":{"rendered":"<p>Rangliste M\u00fc\u00fcsersch\u00fcsse Helvetia-Stich 2025 Rangliste M\u00fc\u00fcsersch\u00fcsse Implenia-Stich 2025 Rangliste M\u00fc\u00fcsersch\u00fcsse Kranzstich 2025<\/p>\n","protected":false},"author":5,"featured_media":0,"parent":0,"menu_order":0,"comment_status":"closed","ping_status":"closed","template":"","meta":[],"_links":{"self":[{"href":"https:\/\/pc-beggingen.ch\/index.php\/wp-json\/wp\/v2\/pages\/1369"}],"collection":[{"href":"https:\/\/pc-beggingen.ch\/index.php\/wp-json\/wp\/v2\/pages"}],"about":[{"href":"https:\/\/pc-beggingen.ch\/index.php\/wp-json\/wp\/v2\/types\/page"}],"author":[{"embeddable":true,"href":"https:\/\/pc-beggingen.ch\/index.php\/wp-json\/wp\/v2\/users\/5"}],"replies":[{"embeddable":true,"href":"https:\/\/pc-beggingen.ch\/index.php\/wp-json\/wp\/v2\/comments?post=1369"}],"version-history":[{"count":6,"href":"https:\/\/pc-beggingen.ch\/index.php\/wp-json\/wp\/v2\/pages\/1369\/revisions"}],"predecessor-version":[{"id":1381,"href":"https:\/\/pc-beggingen.ch\/index.php\/wp-json\/wp\/v2\/pages\/1369\/revisions\/1381"}],"wp:attachment":[{"href":"https:\/\/pc-beggingen.ch\/index.php\/wp-json\/wp\/v2\/media?parent=1369"}],"curies":[{"name":"wp","href":"https:\/\/api.w.org\/{rel}","templated":true}]}}